{"id":2,"date":"2023-06-22T14:09:17","date_gmt":"2023-06-22T17:09:17","guid":{"rendered":"http:\/\/multiport.srv.br\/?page_id=2"},"modified":"2023-06-22T15:09:39","modified_gmt":"2023-06-22T18:09:39","slug":"pagina-exemplo","status":"publish","type":"page","link":"https:\/\/multiport.srv.br\/?page_id=2","title":{"rendered":"Quem Somos"},"content":{"rendered":"\n<p>Multiport Intermedia\u00e7\u00e3o de Neg\u00f3cios atua no mercado de telecomunica\u00e7\u00f5es desde 2001 prestando servi\u00e7os de consultoria e implanta\u00e7\u00e3o de sistemas de telecomunica\u00e7\u00f5es e inform\u00e1tica:<\/p>\n\n\n\n<blockquote class=\"wp-block-quote\">\n<p>Implantamos centrais telef\u00f4nicas PABX, URAs, ACDs<\/p>\n<\/blockquote>\n\n\n\n<p>&#8230;fale conosco para saber como podemos ajudar sua empresa ou organiza\u00e7\u00e3o <\/p>\n\n\n\n<blockquote class=\"wp-block-quote\">\n<p>Intermediamos e assessoramos na contrata\u00e7\u00e3o de servi\u00e7os de telefonia fixa e dados .<\/p>\n<\/blockquote>\n\n\n\n<p><\/p>\n","protected":false},"excerpt":{"rendered":"<p>Multiport Servi\u00e7os em Telecomunica\u00e7\u00f5es e Inform\u00e1tica foi criada em 2001 para atuar no segmento de telecomunica\u00e7\u00f5es corporativa. <\/p>\n","protected":false},"author":1,"featured_media":0,"parent":0,"menu_order":0,"comment_status":"closed","ping_status":"open","template":"","meta":[],"_links":{"self":[{"href":"https:\/\/multiport.srv.br\/index.php?rest_route=\/wp\/v2\/pages\/2"}],"collection":[{"href":"https:\/\/multiport.srv.br\/index.php?rest_route=\/wp\/v2\/pages"}],"about":[{"href":"https:\/\/multiport.srv.br\/index.php?rest_route=\/wp\/v2\/types\/page"}],"author":[{"embeddable":true,"href":"https:\/\/multiport.srv.br\/index.php?rest_route=\/wp\/v2\/users\/1"}],"replies":[{"embeddable":true,"href":"https:\/\/multiport.srv.br\/index.php?rest_route=%2Fwp%2Fv2%2Fcomments&post=2"}],"version-history":[{"count":2,"href":"https:\/\/multiport.srv.br\/index.php?rest_route=\/wp\/v2\/pages\/2\/revisions"}],"predecessor-version":[{"id":41,"href":"https:\/\/multiport.srv.br\/index.php?rest_route=\/wp\/v2\/pages\/2\/revisions\/41"}],"wp:attachment":[{"href":"https:\/\/multiport.srv.br\/index.php?rest_route=%2Fwp%2Fv2%2Fmedia&parent=2"}],"curies":[{"name":"wp","href":"https:\/\/api.w.org\/{rel}","templated":true}]}}